{"id":154,"date":"2018-06-03T20:17:16","date_gmt":"2018-06-03T20:17:16","guid":{"rendered":"https:\/\/moradadafloresta.eco.br\/compostagem\/?page_id=154"},"modified":"2022-03-25T18:00:16","modified_gmt":"2022-03-25T18:00:16","slug":"entre-em-contato","status":"publish","type":"page","link":"https:\/\/moradadafloresta.eco.br\/compostagem\/entre-em-contato\/","title":{"rendered":"ENTRE EM CONTATO!"},"content":{"rendered":"\n\t\t\t\t\t\t<script>\n\t\t\t\t\t\t\twindow.hsFormsOnReady = window.hsFormsOnReady || [];\n\t\t\t\t\t\t\twindow.hsFormsOnReady.push(()=>{\n\t\t\t\t\t\t\t\thbspt.forms.create({\n\t\t\t\t\t\t\t\t\tportalId: 3375645,\n\t\t\t\t\t\t\t\t\tformId: \"7425f90e-e62b-4987-8770-a45295855e4e\",\n\t\t\t\t\t\t\t\t\ttarget: \"#hbspt-form-1778187963000-3544734706\",\n\t\t\t\t\t\t\t\t\tregion: \"\",\n\t\t\t\t\t\t\t\t\t\n\t\t\t\t\t\t\t})});\n\t\t\t\t\t\t<\/script>\n\t\t\t\t\t\t<div class=\"hbspt-form\" id=\"hbspt-form-1778187963000-3544734706\"><\/div>\n<h3>Morada da Floresta<\/h3>\n<h5>Solu\u00e7\u00f5es para uma vida mais sustent\u00e1vel<\/h5>\n<p>Telefone: 11 97121-0026<\/p>\n<p><a href=\"www.moradadafloresta.org\">www.moradadafloresta.eco.br<\/a><\/p>\n<p>compostagem@moradadafloresta.eco.br<\/p>\n","protected":false},"excerpt":{"rendered":"<p>Morada da Floresta Solu\u00e7\u00f5es para uma vida mais sustent\u00e1vel Telefone: 11 97121-0026 www.moradadafloresta.eco.br compostagem@moradadafloresta.eco.br<\/p>\n","protected":false},"author":1,"featured_media":678,"parent":0,"menu_order":0,"comment_status":"closed","ping_status":"closed","template":"","meta":{"content-type":""},"_links":{"self":[{"href":"https:\/\/moradadafloresta.eco.br\/compostagem\/wp-json\/wp\/v2\/pages\/154"}],"collection":[{"href":"https:\/\/moradadafloresta.eco.br\/compostagem\/wp-json\/wp\/v2\/pages"}],"about":[{"href":"https:\/\/moradadafloresta.eco.br\/compostagem\/wp-json\/wp\/v2\/types\/page"}],"author":[{"embeddable":true,"href":"https:\/\/moradadafloresta.eco.br\/compostagem\/wp-json\/wp\/v2\/users\/1"}],"replies":[{"embeddable":true,"href":"https:\/\/moradadafloresta.eco.br\/compostagem\/wp-json\/wp\/v2\/comments?post=154"}],"version-history":[{"count":16,"href":"https:\/\/moradadafloresta.eco.br\/compostagem\/wp-json\/wp\/v2\/pages\/154\/revisions"}],"predecessor-version":[{"id":1140,"href":"https:\/\/moradadafloresta.eco.br\/compostagem\/wp-json\/wp\/v2\/pages\/154\/revisions\/1140"}],"wp:featuredmedia":[{"embeddable":true,"href":"https:\/\/moradadafloresta.eco.br\/compostagem\/wp-json\/wp\/v2\/media\/678"}],"wp:attachment":[{"href":"https:\/\/moradadafloresta.eco.br\/compostagem\/wp-json\/wp\/v2\/media?parent=154"}],"curies":[{"name":"wp","href":"https:\/\/api.w.org\/{rel}","templated":true}]}}