{"id":135,"date":"2018-06-03T16:51:20","date_gmt":"2018-06-03T16:51:20","guid":{"rendered":"https:\/\/moradadafloresta.eco.br\/compostagem\/?page_id=135"},"modified":"2019-05-16T13:25:13","modified_gmt":"2019-05-16T13:25:13","slug":"compostagem-termofilica-em-leiras","status":"publish","type":"page","link":"https:\/\/moradadafloresta.eco.br\/compostagem\/compostagem-termofilica-em-leiras\/","title":{"rendered":"COMPOSTAGEM EM LEIRAS"},"content":{"rendered":"\t\t<div data-elementor-type=\"wp-post\" data-elementor-id=\"135\" class=\"elementor elementor-135\">\n\t\t\t\t\t\t<section class=\"elementor-section elementor-top-section elementor-element elementor-element-13cd8eab elementor-section-boxed elementor-section-height-default elementor-section-height-default\" data-id=\"13cd8eab\" data-element_type=\"section\">\n\t\t\t\t\t\t<div class=\"elementor-container elementor-column-gap-default\">\n\t\t\t\t\t<div class=\"elementor-column elementor-col-100 elementor-top-column elementor-element elementor-element-5a6bf480\" data-id=\"5a6bf480\" data-element_type=\"column\">\n\t\t\t<div class=\"elementor-widget-wrap elementor-element-populated\">\n\t\t\t\t\t\t<div class=\"elementor-element elementor-element-250a3d19 elementor-widget elementor-widget-text-editor\" data-id=\"250a3d19\" data-element_type=\"widget\" data-widget_type=\"text-editor.default\">\n\t\t\t\t<div class=\"elementor-widget-container\">\n\t\t\t\t\t\t\t<p><span style=\"color: #404040;\">As leiras s\u00e3o adequadas para todos os tipos de institui\u00e7\u00e3o que se categorizam como gerador de larga escala. Esse sistema possui capacidade ilimitada e pode receber uma grande quantidade de res\u00edduos diariamente.\u00a0\u00c9 vers\u00e1til e tem funcionamento simples e eficaz. As leiras s\u00e3o feitas de maneira estruturada com uma base de mat\u00e9ria vegetal seca principalmente galhos e material grosseiro provenientes de podas, ao receber os res\u00edduos uma mistura \u00e9 feita para garantir a inocula\u00e7\u00e3o do composto. O sistema funciona com aera\u00e7\u00e3o passiva, garantindo o processo termof\u00edlico de compostagem.\u00a0<\/span><\/p><p><span style=\"color: #404040;\">As leiras podem ter porte e tamanho variado. A depender do volume de res\u00edduos gerados e do espa\u00e7o dispon\u00edvel sua capacidade pode ser replicada e aumentada. O processo de decomposi\u00e7\u00e3o e compostagem ocorre por bact\u00e9rias e fungos, principalmente. As laterais e a base s\u00e3o preparadas com cobertura vegetal seca, que permite a aera\u00e7\u00e3o do composto, por isso, n\u00e3o gera cheiro. Seu manejo \u00e9 simples e pode ser feito de forma manual ou mecanizada.\u00a0<\/span><\/p>\t\t\t\t\t\t<\/div>\n\t\t\t\t<\/div>\n\t\t\t\t\t<\/div>\n\t\t<\/div>\n\t\t\t\t\t<\/div>\n\t\t<\/section>\n\t\t\t\t<section class=\"elementor-section elementor-top-section elementor-element elementor-element-485e1465 elementor-section-boxed elementor-section-height-default elementor-section-height-default\" data-id=\"485e1465\" data-element_type=\"section\">\n\t\t\t\t\t\t<div class=\"elementor-container elementor-column-gap-default\">\n\t\t\t\t\t<div class=\"elementor-column elementor-col-50 elementor-top-column elementor-element elementor-element-74d3dd96\" data-id=\"74d3dd96\" data-element_type=\"column\">\n\t\t\t<div class=\"elementor-widget-wrap elementor-element-populated\">\n\t\t\t\t\t\t<div class=\"elementor-element elementor-element-7906f9ab elementor-widget elementor-widget-image\" data-id=\"7906f9ab\" data-element_type=\"widget\" data-widget_type=\"image.default\">\n\t\t\t\t<div class=\"elementor-widget-container\">\n\t\t\t\t\t\t\t\t\t\t\t\t\t<img src=\"https:\/\/moradadafloresta.eco.br\/compostagem\/wp-content\/uploads\/2018\/08\/20180419_130914.jpg\" title=\"20180419_130914\" alt=\"20180419_130914\" loading=\"lazy\" \/>\t\t\t\t\t\t\t\t\t\t\t\t\t<\/div>\n\t\t\t\t<\/div>\n\t\t\t\t\t<\/div>\n\t\t<\/div>\n\t\t\t\t<div class=\"elementor-column elementor-col-50 elementor-top-column elementor-element elementor-element-19e9a0cc\" data-id=\"19e9a0cc\" data-element_type=\"column\">\n\t\t\t<div class=\"elementor-widget-wrap elementor-element-populated\">\n\t\t\t\t\t\t<div class=\"elementor-element elementor-element-663d73b8 elementor-widget elementor-widget-image\" data-id=\"663d73b8\" data-element_type=\"widget\" data-widget_type=\"image.default\">\n\t\t\t\t<div class=\"elementor-widget-container\">\n\t\t\t\t\t\t\t\t\t\t\t\t\t<img src=\"https:\/\/moradadafloresta.eco.br\/compostagem\/wp-content\/uploads\/2019\/05\/2017-03-08-14.29.32.jpg\" title=\"2017-03-08 14.29.32\" alt=\"2017-03-08 14.29.32\" loading=\"lazy\" \/>\t\t\t\t\t\t\t\t\t\t\t\t\t<\/div>\n\t\t\t\t<\/div>\n\t\t\t\t\t<\/div>\n\t\t<\/div>\n\t\t\t\t\t<\/div>\n\t\t<\/section>\n\t\t\t\t<section class=\"elementor-section elementor-top-section elementor-element elementor-element-3f65748f elementor-section-boxed elementor-section-height-default elementor-section-height-default\" data-id=\"3f65748f\" data-element_type=\"section\" data-settings=\"{&quot;background_background&quot;:&quot;classic&quot;}\">\n\t\t\t\t\t\t<div class=\"elementor-container elementor-column-gap-default\">\n\t\t\t\t\t<div class=\"elementor-column elementor-col-100 elementor-top-column elementor-element elementor-element-4a3a835c\" data-id=\"4a3a835c\" data-element_type=\"column\" data-settings=\"{&quot;background_background&quot;:&quot;classic&quot;}\">\n\t\t\t<div class=\"elementor-widget-wrap elementor-element-populated\">\n\t\t\t\t\t\t<div class=\"elementor-element elementor-element-584ef058 elementor-widget elementor-widget-text-editor\" data-id=\"584ef058\" data-element_type=\"widget\" data-widget_type=\"text-editor.default\">\n\t\t\t\t<div class=\"elementor-widget-container\">\n\t\t\t\t\t\t\t<h1><em>&#8220;Um sistema pr\u00e1tico, de r\u00e1pida implanta\u00e7\u00e3o e seguro para qualquer ambiente! Em poucos metros \u00e9 poss\u00edvel compostar todos os seus res\u00edduos org\u00e2nicos, desde res\u00edduos de jardinagem a carnes, cozidos e industriais! &#8220;<\/em><\/h1>\t\t\t\t\t\t<\/div>\n\t\t\t\t<\/div>\n\t\t\t\t\t<\/div>\n\t\t<\/div>\n\t\t\t\t\t<\/div>\n\t\t<\/section>\n\t\t\t\t<section class=\"elementor-section elementor-top-section elementor-element elementor-element-75a45872 elementor-section-boxed elementor-section-height-default elementor-section-height-default\" data-id=\"75a45872\" data-element_type=\"section\">\n\t\t\t\t\t\t<div class=\"elementor-container elementor-column-gap-default\">\n\t\t\t\t\t<div class=\"elementor-column elementor-col-100 elementor-top-column elementor-element elementor-element-3dce5b42\" data-id=\"3dce5b42\" data-element_type=\"column\">\n\t\t\t<div class=\"elementor-widget-wrap elementor-element-populated\">\n\t\t\t\t\t\t<div class=\"elementor-element elementor-element-5c584e7c elementor-widget elementor-widget-text-editor\" data-id=\"5c584e7c\" data-element_type=\"widget\" data-widget_type=\"text-editor.default\">\n\t\t\t\t<div class=\"elementor-widget-container\">\n\t\t\t\t\t\t\t<p>Este sistema aceita maior variedade de res\u00edduos org\u00e2nicos, como restos de carne e alimentos cozidos. No sistema termof\u00edlico, bact\u00e9rias processam a mat\u00e9ria org\u00e2nica aumentando sua temperatura a mais de 60\u00ba. Isto sanitiza o processo e n\u00e3o atrai vetores. O modelo em leiras de aera\u00e7\u00e3o passiva permite melhor gest\u00e3o do espa\u00e7o, com pouca m\u00e3o de obra e \u00e9 ideal para grandes geradores. \u00c9 a compostagem in loco, com baixo custo, alta qualidade e praticidade!<\/p>\t\t\t\t\t\t<\/div>\n\t\t\t\t<\/div>\n\t\t\t\t\t<\/div>\n\t\t<\/div>\n\t\t\t\t\t<\/div>\n\t\t<\/section>\n\t\t\t\t<section class=\"elementor-section elementor-top-section elementor-element elementor-element-8ff4cc0 elementor-section-boxed elementor-section-height-default elementor-section-height-default\" data-id=\"8ff4cc0\" data-element_type=\"section\">\n\t\t\t\t\t\t<div class=\"elementor-container elementor-column-gap-default\">\n\t\t\t\t\t<div class=\"elementor-column elementor-col-100 elementor-top-column elementor-element elementor-element-58d8001c\" data-id=\"58d8001c\" data-element_type=\"column\">\n\t\t\t<div class=\"elementor-widget-wrap elementor-element-populated\">\n\t\t\t\t\t\t<div class=\"elementor-element elementor-element-1e19ad5 elementor-widget elementor-widget-image\" data-id=\"1e19ad5\" data-element_type=\"widget\" data-widget_type=\"image.default\">\n\t\t\t\t<div class=\"elementor-widget-container\">\n\t\t\t\t\t\t\t\t\t\t\t\t\t<img fetchpriority=\"high\" width=\"765\" height=\"574\" src=\"https:\/\/moradadafloresta.eco.br\/compostagem\/wp-content\/uploads\/2019\/05\/Monitoramento-Leira-1024x768.jpg\" class=\"attachment-large size-large wp-image-826\" alt=\"\" srcset=\"https:\/\/moradadafloresta.eco.br\/compostagem\/wp-content\/uploads\/2019\/05\/Monitoramento-Leira-1024x768.jpg 1024w, https:\/\/moradadafloresta.eco.br\/compostagem\/wp-content\/uploads\/2019\/05\/Monitoramento-Leira-300x225.jpg 300w, https:\/\/moradadafloresta.eco.br\/compostagem\/wp-content\/uploads\/2019\/05\/Monitoramento-Leira-768x576.jpg 768w, https:\/\/moradadafloresta.eco.br\/compostagem\/wp-content\/uploads\/2019\/05\/Monitoramento-Leira-1920x1440.jpg 1920w\" sizes=\"(max-width: 765px) 100vw, 765px\" \/>\t\t\t\t\t\t\t\t\t\t\t\t\t<\/div>\n\t\t\t\t<\/div>\n\t\t\t\t\t<\/div>\n\t\t<\/div>\n\t\t\t\t\t<\/div>\n\t\t<\/section>\n\t\t\t\t<section class=\"elementor-section elementor-top-section elementor-element elementor-element-766125b3 elementor-section-boxed elementor-section-height-default elementor-section-height-default\" data-id=\"766125b3\" data-element_type=\"section\">\n\t\t\t\t\t\t<div class=\"elementor-container elementor-column-gap-default\">\n\t\t\t\t\t<div class=\"elementor-column elementor-col-100 elementor-top-column elementor-element elementor-element-49288622\" data-id=\"49288622\" data-element_type=\"column\">\n\t\t\t<div class=\"elementor-widget-wrap elementor-element-populated\">\n\t\t\t\t\t\t<div class=\"elementor-element elementor-element-a3f5a79 elementor-widget elementor-widget-text-editor\" data-id=\"a3f5a79\" data-element_type=\"widget\" data-widget_type=\"text-editor.default\">\n\t\t\t\t<div class=\"elementor-widget-container\">\n\t\t\t\t\t\t\t<h2 style=\"text-align: center;\"><em>&#8220;Qualquer institui\u00e7\u00e3o que gera res\u00edduos org\u00e2nicos pode praticar a compostagem.\u201d<\/em><\/h2><p>Cada projeto \u00e9 dimensionado de acordo com as\u00a0caracter\u00edsticas espec\u00edficas de cada organiza\u00e7\u00e3o. Assim como as outras tecnologias oferecidas pela Morada da Floresta, a Compostagem Termof\u00edlica em Leiras promove a solu\u00e7\u00e3o para os res\u00edduos s\u00f3lidos org\u00e2nicos por meio de compostagem na fonte de gera\u00e7\u00e3o, reduzindo os custos associados a coleta\/destina\u00e7\u00e3o de res\u00edduos e aduba\u00e7\u00e3o das \u00e1reas verdes. Entre em contato conosco e faremos um diagn\u00f3stico do sistema mais adequado para o pefil da sua institui\u00e7\u00e3o.<\/p>\t\t\t\t\t\t<\/div>\n\t\t\t\t<\/div>\n\t\t\t\t<div class=\"elementor-element elementor-element-9deae79 elementor-align-center elementor-widget elementor-widget-button\" data-id=\"9deae79\" data-element_type=\"widget\" data-widget_type=\"button.default\">\n\t\t\t\t<div class=\"elementor-widget-container\">\n\t\t\t\t\t<div class=\"elementor-button-wrapper\">\n\t\t\t<a class=\"elementor-button elementor-button-link elementor-size-sm\" href=\"https:\/\/moradadafloresta.eco.br\/compostagem\/entre-em-contato\/\">\n\t\t\t\t\t\t<span class=\"elementor-button-content-wrapper\">\n\t\t\t\t\t\t\t\t\t<span class=\"elementor-button-text\">QUERO COMPOSTAR<\/span>\n\t\t\t\t\t<\/span>\n\t\t\t\t\t<\/a>\n\t\t<\/div>\n\t\t\t\t<\/div>\n\t\t\t\t<\/div>\n\t\t\t\t\t<\/div>\n\t\t<\/div>\n\t\t\t\t\t<\/div>\n\t\t<\/section>\n\t\t\t\t<section class=\"elementor-section elementor-top-section elementor-element elementor-element-6b136291 elementor-section-boxed elementor-section-height-default elementor-section-height-default\" data-id=\"6b136291\" data-element_type=\"section\" data-settings=\"{&quot;background_background&quot;:&quot;classic&quot;}\">\n\t\t\t\t\t\t<div class=\"elementor-container elementor-column-gap-default\">\n\t\t\t\t\t<div class=\"elementor-column elementor-col-33 elementor-top-column elementor-element elementor-element-1b33397e\" data-id=\"1b33397e\" data-element_type=\"column\" data-settings=\"{&quot;background_background&quot;:&quot;classic&quot;}\">\n\t\t\t<div class=\"elementor-widget-wrap elementor-element-populated\">\n\t\t\t\t\t\t<div class=\"elementor-element elementor-element-2d7adfe3 elementor-view-default elementor-widget elementor-widget-icon\" data-id=\"2d7adfe3\" data-element_type=\"widget\" data-widget_type=\"icon.default\">\n\t\t\t\t<div class=\"elementor-widget-container\">\n\t\t\t\t\t<div class=\"elementor-icon-wrapper\">\n\t\t\t<div class=\"elementor-icon\">\n\t\t\t<i aria-hidden=\"true\" class=\"fas fa-star\"><\/i>\t\t\t<\/div>\n\t\t<\/div>\n\t\t\t\t<\/div>\n\t\t\t\t<\/div>\n\t\t\t\t\t<\/div>\n\t\t<\/div>\n\t\t\t\t<div class=\"elementor-column elementor-col-66 elementor-top-column elementor-element elementor-element-65b77e2b\" data-id=\"65b77e2b\" data-element_type=\"column\">\n\t\t\t<div class=\"elementor-widget-wrap elementor-element-populated\">\n\t\t\t\t\t\t<div class=\"elementor-element elementor-element-69656ad8 elementor-widget elementor-widget-text-editor\" data-id=\"69656ad8\" data-element_type=\"widget\" data-widget_type=\"text-editor.default\">\n\t\t\t\t<div class=\"elementor-widget-container\">\n\t\t\t\t\t\t\t<h3>\u00a0<\/h3><h3 style=\"text-align: right;\"><span style=\"color: #404040;\">Morada da Floresta<\/span><br \/><span style=\"color: #404040;\">11 \u2013 2503 0036<\/span><br \/><span style=\"color: #404040;\"><a style=\"color: #404040;\" href=\"www.moradadafloresta.org\"><b><strong>www.moradadafloresta.eco.br\/compostagem<\/strong><\/b><\/a><\/span><br \/><span style=\"color: #404040;\"><b><strong>compostagem@moradadafloresta.eco.br<\/strong><\/b><\/span><\/h3>\t\t\t\t\t\t<\/div>\n\t\t\t\t<\/div>\n\t\t\t\t\t<\/div>\n\t\t<\/div>\n\t\t\t\t\t<\/div>\n\t\t<\/section>\n\t\t\t\t<\/div>\n\t\t","protected":false},"excerpt":{"rendered":"<p>As leiras s\u00e3o adequadas para todos os tipos de institui\u00e7\u00e3o que se categorizam como gerador de larga escala. Esse sistema&hellip;<\/p>\n","protected":false},"author":1,"featured_media":193,"parent":0,"menu_order":0,"comment_status":"closed","ping_status":"closed","template":"","meta":{"content-type":""},"_links":{"self":[{"href":"https:\/\/moradadafloresta.eco.br\/compostagem\/wp-json\/wp\/v2\/pages\/135"}],"collection":[{"href":"https:\/\/moradadafloresta.eco.br\/compostagem\/wp-json\/wp\/v2\/pages"}],"about":[{"href":"https:\/\/moradadafloresta.eco.br\/compostagem\/wp-json\/wp\/v2\/types\/page"}],"author":[{"embeddable":true,"href":"https:\/\/moradadafloresta.eco.br\/compostagem\/wp-json\/wp\/v2\/users\/1"}],"replies":[{"embeddable":true,"href":"https:\/\/moradadafloresta.eco.br\/compostagem\/wp-json\/wp\/v2\/comments?post=135"}],"version-history":[{"count":18,"href":"https:\/\/moradadafloresta.eco.br\/compostagem\/wp-json\/wp\/v2\/pages\/135\/revisions"}],"predecessor-version":[{"id":831,"href":"https:\/\/moradadafloresta.eco.br\/compostagem\/wp-json\/wp\/v2\/pages\/135\/revisions\/831"}],"wp:featuredmedia":[{"embeddable":true,"href":"https:\/\/moradadafloresta.eco.br\/compostagem\/wp-json\/wp\/v2\/media\/193"}],"wp:attachment":[{"href":"https:\/\/moradadafloresta.eco.br\/compostagem\/wp-json\/wp\/v2\/media?parent=135"}],"curies":[{"name":"wp","href":"https:\/\/api.w.org\/{rel}","templated":true}]}}